{"id":710,"date":"2021-08-19T08:04:16","date_gmt":"2021-08-19T06:04:16","guid":{"rendered":"https:\/\/hanzagoleniow.pl\/?page_id=710"},"modified":"2024-01-27T16:36:53","modified_gmt":"2024-01-27T15:36:53","slug":"partnerzy","status":"publish","type":"page","link":"https:\/\/hanzagoleniow.pl\/?page_id=710","title":{"rendered":"Partnerzy"},"content":{"rendered":"\t\t<div data-elementor-type=\"wp-page\" data-elementor-id=\"710\" class=\"elementor elementor-710\">\n\t\t\t\t\t\t<section class=\"elementor-section elementor-top-section elementor-element elementor-element-1b0a5d33 elementor-section-boxed elementor-section-height-default elementor-section-height-default\" data-id=\"1b0a5d33\" data-element_type=\"section\" data-e-type=\"section\" data-settings=\"{&quot;background_background&quot;:&quot;classic&quot;}\">\n\t\t\t\t\t\t\t<div class=\"elementor-background-overlay\"><\/div>\n\t\t\t\t\t\t\t<div class=\"elementor-container elementor-column-gap-default\">\n\t\t\t\t\t<div class=\"elementor-column elementor-col-100 elementor-top-column elementor-element elementor-element-1f841ba\" data-id=\"1f841ba\" data-element_type=\"column\" data-e-type=\"column\">\n\t\t\t<div class=\"elementor-widget-wrap elementor-element-populated\">\n\t\t\t\t\t\t<div class=\"elementor-element elementor-element-365ba0bd elementor-widget elementor-widget-heading\" data-id=\"365ba0bd\" data-element_type=\"widget\" data-e-type=\"widget\" data-widget_type=\"heading.default\">\n\t\t\t\t<div class=\"elementor-widget-container\">\n\t\t\t\t\t<h1 class=\"elementor-heading-title elementor-size-default\">Nasi partnerzy<\/h1>\t\t\t\t<\/div>\n\t\t\t\t<\/div>\n\t\t\t\t\t<\/div>\n\t\t<\/div>\n\t\t\t\t\t<\/div>\n\t\t<\/section>\n\t\t\t\t<section class=\"elementor-section elementor-top-section elementor-element elementor-element-7f12274 elementor-section-boxed elementor-section-height-default elementor-section-height-default\" data-id=\"7f12274\" data-element_type=\"section\" data-e-type=\"section\">\n\t\t\t\t\t\t<div class=\"elementor-container elementor-column-gap-default\">\n\t\t\t\t\t<div class=\"elementor-column elementor-col-100 elementor-top-column elementor-element elementor-element-add6caf\" data-id=\"add6caf\" data-element_type=\"column\" data-e-type=\"column\">\n\t\t\t<div class=\"elementor-widget-wrap elementor-element-populated\">\n\t\t\t\t\t\t<div class=\"elementor-element elementor-element-9ebd419 elementor-widget-divider--separator-type-pattern elementor-widget-divider--no-spacing elementor-widget-divider--view-line elementor-widget elementor-widget-divider\" data-id=\"9ebd419\" data-element_type=\"widget\" data-e-type=\"widget\" data-widget_type=\"divider.default\">\n\t\t\t\t<div class=\"elementor-widget-container\">\n\t\t\t\t\t\t\t<div class=\"elementor-divider\" style=\"--divider-pattern-url: url(&quot;data:image\/svg+xml,%3Csvg xmlns=&#039;http:\/\/www.w3.org\/2000\/svg&#039; preserveAspectRatio=&#039;none&#039; overflow=&#039;visible&#039; height=&#039;100%&#039; viewBox=&#039;0 0 24 24&#039; fill=&#039;black&#039; stroke=&#039;none&#039;%3E%3Cpath d=&#039;M24,8v12H0V8H24z M24,4v1H0V4H24z&#039;\/%3E%3C\/svg%3E&quot;);\">\n\t\t\t<span class=\"elementor-divider-separator\">\n\t\t\t\t\t\t<\/span>\n\t\t<\/div>\n\t\t\t\t\t\t<\/div>\n\t\t\t\t<\/div>\n\t\t\t\t<section class=\"elementor-section elementor-inner-section elementor-element elementor-element-57d4bd9 elementor-section-boxed elementor-section-height-default elementor-section-height-default\" data-id=\"57d4bd9\" data-element_type=\"section\" data-e-type=\"section\">\n\t\t\t\t\t\t<div class=\"elementor-container elementor-column-gap-default\">\n\t\t\t\t\t<div class=\"elementor-column elementor-col-50 elementor-inner-column elementor-element elementor-element-ab1af78\" data-id=\"ab1af78\" data-element_type=\"column\" data-e-type=\"column\">\n\t\t\t<div class=\"elementor-widget-wrap elementor-element-populated\">\n\t\t\t\t\t\t<div class=\"elementor-element elementor-element-4df4156 elementor-widget elementor-widget-text-editor\" data-id=\"4df4156\" data-element_type=\"widget\" data-e-type=\"widget\" data-widget_type=\"text-editor.default\">\n\t\t\t\t<div class=\"elementor-widget-container\">\n\t\t\t\t\t\t\t\t\t<p>Nowoczesna firma transportowo-spedycyjna, kt\u00f3ra aktywnie wspiera nasze dzia\u0142ania. Logo Fructus widoczne jest na strojach sportowych u\u017cywanych w naszym Klubie.<\/p>\t\t\t\t\t\t\t\t<\/div>\n\t\t\t\t<\/div>\n\t\t\t\t\t<\/div>\n\t\t<\/div>\n\t\t\t\t<div class=\"elementor-column elementor-col-50 elementor-inner-column elementor-element elementor-element-cec6ae5\" data-id=\"cec6ae5\" data-element_type=\"column\" data-e-type=\"column\">\n\t\t\t<div class=\"elementor-widget-wrap elementor-element-populated\">\n\t\t\t\t\t\t<div class=\"elementor-element elementor-element-4689d78 elementor-widget elementor-widget-image\" data-id=\"4689d78\" data-element_type=\"widget\" data-e-type=\"widget\" data-widget_type=\"image.default\">\n\t\t\t\t<div class=\"elementor-widget-container\">\n\t\t\t\t\t\t\t\t\t\t\t\t\t\t\t\t<a href=\"https:\/\/www.facebook.com\/BobasBarWojskaPolskiego16\">\n\t\t\t\t\t\t\t<img fetchpriority=\"high\" decoding=\"async\" width=\"1024\" height=\"210\" src=\"https:\/\/hanzagoleniow.pl\/wp-content\/uploads\/2021\/08\/fructus1-copy-1024x210.jpg\" class=\"attachment-large size-large wp-image-730\" alt=\"\" srcset=\"https:\/\/hanzagoleniow.pl\/wp-content\/uploads\/2021\/08\/fructus1-copy-1024x210.jpg 1024w, https:\/\/hanzagoleniow.pl\/wp-content\/uploads\/2021\/08\/fructus1-copy-300x62.jpg 300w, https:\/\/hanzagoleniow.pl\/wp-content\/uploads\/2021\/08\/fructus1-copy-768x157.jpg 768w, https:\/\/hanzagoleniow.pl\/wp-content\/uploads\/2021\/08\/fructus1-copy.jpg 1380w\" sizes=\"(max-width: 1024px) 100vw, 1024px\" \/>\t\t\t\t\t\t\t\t<\/a>\n\t\t\t\t\t\t\t\t\t\t\t\t\t\t\t<\/div>\n\t\t\t\t<\/div>\n\t\t\t\t\t<\/div>\n\t\t<\/div>\n\t\t\t\t\t<\/div>\n\t\t<\/section>\n\t\t\t\t<div class=\"elementor-element elementor-element-955c770 elementor-widget-divider--view-line elementor-widget elementor-widget-divider\" data-id=\"955c770\" data-element_type=\"widget\" data-e-type=\"widget\" data-widget_type=\"divider.default\">\n\t\t\t\t<div class=\"elementor-widget-container\">\n\t\t\t\t\t\t\t<div class=\"elementor-divider\">\n\t\t\t<span class=\"elementor-divider-separator\">\n\t\t\t\t\t\t<\/span>\n\t\t<\/div>\n\t\t\t\t\t\t<\/div>\n\t\t\t\t<\/div>\n\t\t\t\t<section class=\"elementor-section elementor-inner-section elementor-element elementor-element-19acf3c elementor-section-boxed elementor-section-height-default elementor-section-height-default\" data-id=\"19acf3c\" data-element_type=\"section\" data-e-type=\"section\">\n\t\t\t\t\t\t<div class=\"elementor-container elementor-column-gap-default\">\n\t\t\t\t\t<div class=\"elementor-column elementor-col-50 elementor-inner-column elementor-element elementor-element-06b90e2\" data-id=\"06b90e2\" data-element_type=\"column\" data-e-type=\"column\">\n\t\t\t<div class=\"elementor-widget-wrap elementor-element-populated\">\n\t\t\t\t\t\t<div class=\"elementor-element elementor-element-777a019 elementor-widget elementor-widget-text-editor\" data-id=\"777a019\" data-element_type=\"widget\" data-e-type=\"widget\" data-widget_type=\"text-editor.default\">\n\t\t\t\t<div class=\"elementor-widget-container\">\n\t\t\t\t\t\t\t\t\t<p>Jedzenie, catering, kompleksowa obs\u0142uga event\u00f3w. Logo Bobas Baru obecne jest na r\u0119kawach naszych stroj\u00f3w meczowych.<\/p>\t\t\t\t\t\t\t\t<\/div>\n\t\t\t\t<\/div>\n\t\t\t\t\t<\/div>\n\t\t<\/div>\n\t\t\t\t<div class=\"elementor-column elementor-col-50 elementor-inner-column elementor-element elementor-element-9425871\" data-id=\"9425871\" data-element_type=\"column\" data-e-type=\"column\">\n\t\t\t<div class=\"elementor-widget-wrap elementor-element-populated\">\n\t\t\t\t\t\t<div class=\"elementor-element elementor-element-9db469b elementor-widget elementor-widget-image\" data-id=\"9db469b\" data-element_type=\"widget\" data-e-type=\"widget\" data-widget_type=\"image.default\">\n\t\t\t\t<div class=\"elementor-widget-container\">\n\t\t\t\t\t\t\t\t\t\t\t\t\t\t\t\t<a href=\"https:\/\/fructustransport.com\/\">\n\t\t\t\t\t\t\t<img decoding=\"async\" width=\"465\" height=\"320\" src=\"https:\/\/hanzagoleniow.pl\/wp-content\/uploads\/2024\/01\/logo_465x320.png\" class=\"attachment-large size-large wp-image-995\" alt=\"\" srcset=\"https:\/\/hanzagoleniow.pl\/wp-content\/uploads\/2024\/01\/logo_465x320.png 465w, https:\/\/hanzagoleniow.pl\/wp-content\/uploads\/2024\/01\/logo_465x320-300x206.png 300w\" sizes=\"(max-width: 465px) 100vw, 465px\" \/>\t\t\t\t\t\t\t\t<\/a>\n\t\t\t\t\t\t\t\t\t\t\t\t\t\t\t<\/div>\n\t\t\t\t<\/div>\n\t\t\t\t\t<\/div>\n\t\t<\/div>\n\t\t\t\t\t<\/div>\n\t\t<\/section>\n\t\t\t\t<div class=\"elementor-element elementor-element-7dfeffd elementor-widget-divider--view-line elementor-widget elementor-widget-divider\" data-id=\"7dfeffd\" data-element_type=\"widget\" data-e-type=\"widget\" data-widget_type=\"divider.default\">\n\t\t\t\t<div class=\"elementor-widget-container\">\n\t\t\t\t\t\t\t<div class=\"elementor-divider\">\n\t\t\t<span class=\"elementor-divider-separator\">\n\t\t\t\t\t\t<\/span>\n\t\t<\/div>\n\t\t\t\t\t\t<\/div>\n\t\t\t\t<\/div>\n\t\t\t\t<section class=\"elementor-section elementor-inner-section elementor-element elementor-element-5dcbdfa elementor-section-boxed elementor-section-height-default elementor-section-height-default\" data-id=\"5dcbdfa\" data-element_type=\"section\" data-e-type=\"section\">\n\t\t\t\t\t\t<div class=\"elementor-container elementor-column-gap-default\">\n\t\t\t\t\t<div class=\"elementor-column elementor-col-50 elementor-inner-column elementor-element elementor-element-17efe65\" data-id=\"17efe65\" data-element_type=\"column\" data-e-type=\"column\">\n\t\t\t<div class=\"elementor-widget-wrap elementor-element-populated\">\n\t\t\t\t\t\t<div class=\"elementor-element elementor-element-cb09ad9 elementor-widget elementor-widget-text-editor\" data-id=\"cb09ad9\" data-element_type=\"widget\" data-e-type=\"widget\" data-widget_type=\"text-editor.default\">\n\t\t\t\t<div class=\"elementor-widget-container\">\n\t\t\t\t\t\t\t\t\t<p>Gmina Goleni\u00f3w jest g\u0142\u00f3wnym terenem prowadzenia naszej dzia\u0142alno\u015bci. Jeste\u015bmy przez ni\u0105 wspierani dotacj\u0105 bud\u017cetow\u0105.<\/p>\t\t\t\t\t\t\t\t<\/div>\n\t\t\t\t<\/div>\n\t\t\t\t\t<\/div>\n\t\t<\/div>\n\t\t\t\t<div class=\"elementor-column elementor-col-50 elementor-inner-column elementor-element elementor-element-5688899\" data-id=\"5688899\" data-element_type=\"column\" data-e-type=\"column\">\n\t\t\t<div class=\"elementor-widget-wrap elementor-element-populated\">\n\t\t\t\t\t\t<div class=\"elementor-element elementor-element-517c27c elementor-widget elementor-widget-image\" data-id=\"517c27c\" data-element_type=\"widget\" data-e-type=\"widget\" data-widget_type=\"image.default\">\n\t\t\t\t<div class=\"elementor-widget-container\">\n\t\t\t\t\t\t\t\t\t\t\t\t\t\t\t\t<a href=\"http:\/\/www.goleniow.pl\/\">\n\t\t\t\t\t\t\t<img decoding=\"async\" width=\"250\" height=\"300\" src=\"https:\/\/hanzagoleniow.pl\/wp-content\/uploads\/2021\/08\/goleniow-copy-250x300.jpg\" class=\"attachment-medium size-medium wp-image-740\" alt=\"\" srcset=\"https:\/\/hanzagoleniow.pl\/wp-content\/uploads\/2021\/08\/goleniow-copy-250x300.jpg 250w, https:\/\/hanzagoleniow.pl\/wp-content\/uploads\/2021\/08\/goleniow-copy.jpg 720w\" sizes=\"(max-width: 250px) 100vw, 250px\" \/>\t\t\t\t\t\t\t\t<\/a>\n\t\t\t\t\t\t\t\t\t\t\t\t\t\t\t<\/div>\n\t\t\t\t<\/div>\n\t\t\t\t\t<\/div>\n\t\t<\/div>\n\t\t\t\t\t<\/div>\n\t\t<\/section>\n\t\t\t\t\t<\/div>\n\t\t<\/div>\n\t\t\t\t\t<\/div>\n\t\t<\/section>\n\t\t\t\t<\/div>\n\t\t","protected":false},"excerpt":{"rendered":"<p>Nasi partnerzy Nowoczesna firma transportowo-spedycyjna, kt\u00f3ra aktywnie wspiera nasze dzia\u0142ania. Logo Fructus widoczne jest na strojach sportowych u\u017cywanych w naszym Klubie. Jedzenie, catering, kompleksowa obs\u0142uga event\u00f3w. Logo Bobas Baru obecne jest na r\u0119kawach naszych stroj\u00f3w meczowych. Gmina Goleni\u00f3w jest g\u0142\u00f3wnym terenem prowadzenia naszej dzia\u0142alno\u015bci. Jeste\u015bmy przez ni\u0105 wspierani dotacj\u0105 bud\u017cetow\u0105.<\/p>\n","protected":false},"author":1,"featured_media":0,"parent":0,"menu_order":0,"comment_status":"closed","ping_status":"closed","template":"","meta":{"footnotes":""},"class_list":["post-710","page","type-page","status-publish","hentry"],"yoast_head":"<!-- This site is optimized with the Yoast SEO plugin v27.6 - https:\/\/yoast.com\/product\/yoast-seo-wordpress\/ -->\n<title>Partnerzy - Hanza Goleni\u00f3w<\/title>\n<meta name=\"robots\" content=\"index, follow, max-snippet:-1, max-image-preview:large, max-video-preview:-1\" \/>\n<link rel=\"canonical\" href=\"https:\/\/hanzagoleniow.pl\/?page_id=710\" \/>\n<meta property=\"og:locale\" content=\"pl_PL\" \/>\n<meta property=\"og:type\" content=\"article\" \/>\n<meta property=\"og:title\" content=\"Partnerzy - Hanza Goleni\u00f3w\" \/>\n<meta property=\"og:description\" content=\"Nasi partnerzy Nowoczesna firma transportowo-spedycyjna, kt\u00f3ra aktywnie wspiera nasze dzia\u0142ania. Logo Fructus widoczne jest na strojach sportowych u\u017cywanych w naszym Klubie. Jedzenie, catering, kompleksowa obs\u0142uga event\u00f3w. Logo Bobas Baru obecne jest na r\u0119kawach naszych stroj\u00f3w meczowych. Gmina Goleni\u00f3w jest g\u0142\u00f3wnym terenem prowadzenia naszej dzia\u0142alno\u015bci. Jeste\u015bmy przez ni\u0105 wspierani dotacj\u0105 bud\u017cetow\u0105.\" \/>\n<meta property=\"og:url\" content=\"https:\/\/hanzagoleniow.pl\/?page_id=710\" \/>\n<meta property=\"og:site_name\" content=\"Hanza Goleni\u00f3w\" \/>\n<meta property=\"article:publisher\" content=\"https:\/\/www.facebook.com\/aphanzagoleniow\/\" \/>\n<meta property=\"article:modified_time\" content=\"2024-01-27T15:36:53+00:00\" \/>\n<meta property=\"og:image\" content=\"https:\/\/hanzagoleniow.pl\/wp-content\/uploads\/2021\/08\/fructus1-copy-1024x210.jpg\" \/>\n<meta name=\"twitter:card\" content=\"summary_large_image\" \/>\n<meta name=\"twitter:label1\" content=\"Szacowany czas czytania\" \/>\n\t<meta name=\"twitter:data1\" content=\"1 minuta\" \/>\n<script type=\"application\/ld+json\" class=\"yoast-schema-graph\">{\"@context\":\"https:\\\/\\\/schema.org\",\"@graph\":[{\"@type\":\"WebPage\",\"@id\":\"https:\\\/\\\/hanzagoleniow.pl\\\/?page_id=710\",\"url\":\"https:\\\/\\\/hanzagoleniow.pl\\\/?page_id=710\",\"name\":\"Partnerzy - Hanza Goleni\u00f3w\",\"isPartOf\":{\"@id\":\"https:\\\/\\\/hanzagoleniow.pl\\\/#website\"},\"primaryImageOfPage\":{\"@id\":\"https:\\\/\\\/hanzagoleniow.pl\\\/?page_id=710#primaryimage\"},\"image\":{\"@id\":\"https:\\\/\\\/hanzagoleniow.pl\\\/?page_id=710#primaryimage\"},\"thumbnailUrl\":\"https:\\\/\\\/hanzagoleniow.pl\\\/wp-content\\\/uploads\\\/2021\\\/08\\\/fructus1-copy-1024x210.jpg\",\"datePublished\":\"2021-08-19T06:04:16+00:00\",\"dateModified\":\"2024-01-27T15:36:53+00:00\",\"breadcrumb\":{\"@id\":\"https:\\\/\\\/hanzagoleniow.pl\\\/?page_id=710#breadcrumb\"},\"inLanguage\":\"pl-PL\",\"potentialAction\":[{\"@type\":\"ReadAction\",\"target\":[\"https:\\\/\\\/hanzagoleniow.pl\\\/?page_id=710\"]}]},{\"@type\":\"ImageObject\",\"inLanguage\":\"pl-PL\",\"@id\":\"https:\\\/\\\/hanzagoleniow.pl\\\/?page_id=710#primaryimage\",\"url\":\"https:\\\/\\\/hanzagoleniow.pl\\\/wp-content\\\/uploads\\\/2021\\\/08\\\/fructus1-copy.jpg\",\"contentUrl\":\"https:\\\/\\\/hanzagoleniow.pl\\\/wp-content\\\/uploads\\\/2021\\\/08\\\/fructus1-copy.jpg\",\"width\":1380,\"height\":283},{\"@type\":\"BreadcrumbList\",\"@id\":\"https:\\\/\\\/hanzagoleniow.pl\\\/?page_id=710#breadcrumb\",\"itemListElement\":[{\"@type\":\"ListItem\",\"position\":1,\"name\":\"Home\",\"item\":\"https:\\\/\\\/hanzagoleniow.pl\\\/\"},{\"@type\":\"ListItem\",\"position\":2,\"name\":\"Partnerzy\"}]},{\"@type\":\"WebSite\",\"@id\":\"https:\\\/\\\/hanzagoleniow.pl\\\/#website\",\"url\":\"https:\\\/\\\/hanzagoleniow.pl\\\/\",\"name\":\"Hanza Goleni\u00f3w\",\"description\":\"Strona internetowa Klubu Sportowego Hanza Goleni\u00f3w\",\"publisher\":{\"@id\":\"https:\\\/\\\/hanzagoleniow.pl\\\/#organization\"},\"potentialAction\":[{\"@type\":\"SearchAction\",\"target\":{\"@type\":\"EntryPoint\",\"urlTemplate\":\"https:\\\/\\\/hanzagoleniow.pl\\\/?s={search_term_string}\"},\"query-input\":{\"@type\":\"PropertyValueSpecification\",\"valueRequired\":true,\"valueName\":\"search_term_string\"}}],\"inLanguage\":\"pl-PL\"},{\"@type\":\"Organization\",\"@id\":\"https:\\\/\\\/hanzagoleniow.pl\\\/#organization\",\"name\":\"Akademia Pi\u0142karska Hanza Goleni\u00f3w\",\"url\":\"https:\\\/\\\/hanzagoleniow.pl\\\/\",\"logo\":{\"@type\":\"ImageObject\",\"inLanguage\":\"pl-PL\",\"@id\":\"https:\\\/\\\/hanzagoleniow.pl\\\/#\\\/schema\\\/logo\\\/image\\\/\",\"url\":\"https:\\\/\\\/hanzagoleniow.pl\\\/wp-content\\\/uploads\\\/2021\\\/06\\\/herb.jpg\",\"contentUrl\":\"https:\\\/\\\/hanzagoleniow.pl\\\/wp-content\\\/uploads\\\/2021\\\/06\\\/herb.jpg\",\"width\":960,\"height\":960,\"caption\":\"Akademia Pi\u0142karska Hanza Goleni\u00f3w\"},\"image\":{\"@id\":\"https:\\\/\\\/hanzagoleniow.pl\\\/#\\\/schema\\\/logo\\\/image\\\/\"},\"sameAs\":[\"https:\\\/\\\/www.facebook.com\\\/aphanzagoleniow\\\/\"]}]}<\/script>\n<!-- \/ Yoast SEO plugin. -->","yoast_head_json":{"title":"Partnerzy - Hanza Goleni\u00f3w","robots":{"index":"index","follow":"follow","max-snippet":"max-snippet:-1","max-image-preview":"max-image-preview:large","max-video-preview":"max-video-preview:-1"},"canonical":"https:\/\/hanzagoleniow.pl\/?page_id=710","og_locale":"pl_PL","og_type":"article","og_title":"Partnerzy - Hanza Goleni\u00f3w","og_description":"Nasi partnerzy Nowoczesna firma transportowo-spedycyjna, kt\u00f3ra aktywnie wspiera nasze dzia\u0142ania. Logo Fructus widoczne jest na strojach sportowych u\u017cywanych w naszym Klubie. Jedzenie, catering, kompleksowa obs\u0142uga event\u00f3w. Logo Bobas Baru obecne jest na r\u0119kawach naszych stroj\u00f3w meczowych. Gmina Goleni\u00f3w jest g\u0142\u00f3wnym terenem prowadzenia naszej dzia\u0142alno\u015bci. Jeste\u015bmy przez ni\u0105 wspierani dotacj\u0105 bud\u017cetow\u0105.","og_url":"https:\/\/hanzagoleniow.pl\/?page_id=710","og_site_name":"Hanza Goleni\u00f3w","article_publisher":"https:\/\/www.facebook.com\/aphanzagoleniow\/","article_modified_time":"2024-01-27T15:36:53+00:00","og_image":[{"url":"https:\/\/hanzagoleniow.pl\/wp-content\/uploads\/2021\/08\/fructus1-copy-1024x210.jpg","type":"","width":"","height":""}],"twitter_card":"summary_large_image","twitter_misc":{"Szacowany czas czytania":"1 minuta"},"schema":{"@context":"https:\/\/schema.org","@graph":[{"@type":"WebPage","@id":"https:\/\/hanzagoleniow.pl\/?page_id=710","url":"https:\/\/hanzagoleniow.pl\/?page_id=710","name":"Partnerzy - Hanza Goleni\u00f3w","isPartOf":{"@id":"https:\/\/hanzagoleniow.pl\/#website"},"primaryImageOfPage":{"@id":"https:\/\/hanzagoleniow.pl\/?page_id=710#primaryimage"},"image":{"@id":"https:\/\/hanzagoleniow.pl\/?page_id=710#primaryimage"},"thumbnailUrl":"https:\/\/hanzagoleniow.pl\/wp-content\/uploads\/2021\/08\/fructus1-copy-1024x210.jpg","datePublished":"2021-08-19T06:04:16+00:00","dateModified":"2024-01-27T15:36:53+00:00","breadcrumb":{"@id":"https:\/\/hanzagoleniow.pl\/?page_id=710#breadcrumb"},"inLanguage":"pl-PL","potentialAction":[{"@type":"ReadAction","target":["https:\/\/hanzagoleniow.pl\/?page_id=710"]}]},{"@type":"ImageObject","inLanguage":"pl-PL","@id":"https:\/\/hanzagoleniow.pl\/?page_id=710#primaryimage","url":"https:\/\/hanzagoleniow.pl\/wp-content\/uploads\/2021\/08\/fructus1-copy.jpg","contentUrl":"https:\/\/hanzagoleniow.pl\/wp-content\/uploads\/2021\/08\/fructus1-copy.jpg","width":1380,"height":283},{"@type":"BreadcrumbList","@id":"https:\/\/hanzagoleniow.pl\/?page_id=710#breadcrumb","itemListElement":[{"@type":"ListItem","position":1,"name":"Home","item":"https:\/\/hanzagoleniow.pl\/"},{"@type":"ListItem","position":2,"name":"Partnerzy"}]},{"@type":"WebSite","@id":"https:\/\/hanzagoleniow.pl\/#website","url":"https:\/\/hanzagoleniow.pl\/","name":"Hanza Goleni\u00f3w","description":"Strona internetowa Klubu Sportowego Hanza Goleni\u00f3w","publisher":{"@id":"https:\/\/hanzagoleniow.pl\/#organization"},"potentialAction":[{"@type":"SearchAction","target":{"@type":"EntryPoint","urlTemplate":"https:\/\/hanzagoleniow.pl\/?s={search_term_string}"},"query-input":{"@type":"PropertyValueSpecification","valueRequired":true,"valueName":"search_term_string"}}],"inLanguage":"pl-PL"},{"@type":"Organization","@id":"https:\/\/hanzagoleniow.pl\/#organization","name":"Akademia Pi\u0142karska Hanza Goleni\u00f3w","url":"https:\/\/hanzagoleniow.pl\/","logo":{"@type":"ImageObject","inLanguage":"pl-PL","@id":"https:\/\/hanzagoleniow.pl\/#\/schema\/logo\/image\/","url":"https:\/\/hanzagoleniow.pl\/wp-content\/uploads\/2021\/06\/herb.jpg","contentUrl":"https:\/\/hanzagoleniow.pl\/wp-content\/uploads\/2021\/06\/herb.jpg","width":960,"height":960,"caption":"Akademia Pi\u0142karska Hanza Goleni\u00f3w"},"image":{"@id":"https:\/\/hanzagoleniow.pl\/#\/schema\/logo\/image\/"},"sameAs":["https:\/\/www.facebook.com\/aphanzagoleniow\/"]}]}},"_links":{"self":[{"href":"https:\/\/hanzagoleniow.pl\/index.php?rest_route=\/wp\/v2\/pages\/710","targetHints":{"allow":["GET"]}}],"collection":[{"href":"https:\/\/hanzagoleniow.pl\/index.php?rest_route=\/wp\/v2\/pages"}],"about":[{"href":"https:\/\/hanzagoleniow.pl\/index.php?rest_route=\/wp\/v2\/types\/page"}],"author":[{"embeddable":true,"href":"https:\/\/hanzagoleniow.pl\/index.php?rest_route=\/wp\/v2\/users\/1"}],"replies":[{"embeddable":true,"href":"https:\/\/hanzagoleniow.pl\/index.php?rest_route=%2Fwp%2Fv2%2Fcomments&post=710"}],"version-history":[{"count":49,"href":"https:\/\/hanzagoleniow.pl\/index.php?rest_route=\/wp\/v2\/pages\/710\/revisions"}],"predecessor-version":[{"id":1008,"href":"https:\/\/hanzagoleniow.pl\/index.php?rest_route=\/wp\/v2\/pages\/710\/revisions\/1008"}],"wp:attachment":[{"href":"https:\/\/hanzagoleniow.pl\/index.php?rest_route=%2Fwp%2Fv2%2Fmedia&parent=710"}],"curies":[{"name":"wp","href":"https:\/\/api.w.org\/{rel}","templated":true}]}}