{"id":625,"date":"2021-07-15T09:21:12","date_gmt":"2021-07-15T07:21:12","guid":{"rendered":"http:\/\/hanzagoleniow.pl\/?page_id=625"},"modified":"2025-03-27T08:13:52","modified_gmt":"2025-03-27T07:13:52","slug":"dolacz-do-nas","status":"publish","type":"page","link":"https:\/\/hanzagoleniow.pl\/?page_id=625","title":{"rendered":"Do\u0142\u0105cz do nas"},"content":{"rendered":"\t\t<div data-elementor-type=\"wp-page\" data-elementor-id=\"625\" class=\"elementor elementor-625\">\n\t\t\t\t\t\t<section class=\"elementor-section elementor-top-section elementor-element elementor-element-5131a13e elementor-section-boxed elementor-section-height-default elementor-section-height-default\" data-id=\"5131a13e\" data-element_type=\"section\" data-e-type=\"section\" data-settings=\"{&quot;background_background&quot;:&quot;classic&quot;}\">\n\t\t\t\t\t\t\t<div class=\"elementor-background-overlay\"><\/div>\n\t\t\t\t\t\t\t<div class=\"elementor-container elementor-column-gap-default\">\n\t\t\t\t\t<div class=\"elementor-column elementor-col-100 elementor-top-column elementor-element elementor-element-1053ca7a\" data-id=\"1053ca7a\" data-element_type=\"column\" data-e-type=\"column\">\n\t\t\t<div class=\"elementor-widget-wrap elementor-element-populated\">\n\t\t\t\t\t\t<div class=\"elementor-element elementor-element-3d99e122 elementor-widget elementor-widget-heading\" data-id=\"3d99e122\" data-element_type=\"widget\" data-e-type=\"widget\" data-widget_type=\"heading.default\">\n\t\t\t\t<div class=\"elementor-widget-container\">\n\t\t\t\t\t<h1 class=\"elementor-heading-title elementor-size-default\">Do\u0142\u0105cz do nas!<\/h1>\t\t\t\t<\/div>\n\t\t\t\t<\/div>\n\t\t\t\t\t<\/div>\n\t\t<\/div>\n\t\t\t\t\t<\/div>\n\t\t<\/section>\n\t\t\t\t<section class=\"elementor-section elementor-top-section elementor-element elementor-element-ea77bef elementor-section-boxed elementor-section-height-default elementor-section-height-default\" data-id=\"ea77bef\" data-element_type=\"section\" data-e-type=\"section\">\n\t\t\t\t\t\t<div class=\"elementor-container elementor-column-gap-default\">\n\t\t\t\t\t<div class=\"elementor-column elementor-col-100 elementor-top-column elementor-element elementor-element-774aa94\" data-id=\"774aa94\" data-element_type=\"column\" data-e-type=\"column\">\n\t\t\t<div class=\"elementor-widget-wrap elementor-element-populated\">\n\t\t\t\t\t\t<div class=\"elementor-element elementor-element-ab9926e elementor-widget elementor-widget-text-editor\" data-id=\"ab9926e\" data-element_type=\"widget\" data-e-type=\"widget\" data-widget_type=\"text-editor.default\">\n\t\t\t\t<div class=\"elementor-widget-container\">\n\t\t\t\t\t\t\t\t\t<p><\/p>\n<p>Dla wszystkich dzieci z Goleniowa i okolic! Organizujemy zaj\u0119cia z pi\u0142ki no\u017cnej dla dzieci urodzonych w latach od 2008 do 2020. Pi\u0142ka no\u017cna to \u015bwietny spos\u00f3b na sp\u0119dzanie wolnego czasu, dbanie o swoje zdrowie oraz nieoceniona pomoc w wychowaniu. Zapisz do nas swoje dziecko ju\u017c teraz!<\/p>\n<p>Jak si\u0119 zapisa\u0107? Informacja poni\u017cej!<\/p>\t\t\t\t\t\t\t\t<\/div>\n\t\t\t\t<\/div>\n\t\t\t\t\t<\/div>\n\t\t<\/div>\n\t\t\t\t\t<\/div>\n\t\t<\/section>\n\t\t\t\t<section class=\"elementor-section elementor-top-section elementor-element elementor-element-d75d5b7 elementor-section-boxed elementor-section-height-default elementor-section-height-default\" data-id=\"d75d5b7\" data-element_type=\"section\" data-e-type=\"section\">\n\t\t\t\t\t\t<div class=\"elementor-container elementor-column-gap-default\">\n\t\t\t\t\t<div class=\"elementor-column elementor-col-100 elementor-top-column elementor-element elementor-element-6eb50c4\" data-id=\"6eb50c4\" data-element_type=\"column\" data-e-type=\"column\">\n\t\t\t<div class=\"elementor-widget-wrap elementor-element-populated\">\n\t\t\t\t\t\t<div class=\"elementor-element elementor-element-9ab5384 elementor-icon-list--layout-traditional elementor-list-item-link-full_width elementor-widget elementor-widget-icon-list\" data-id=\"9ab5384\" data-element_type=\"widget\" data-e-type=\"widget\" data-widget_type=\"icon-list.default\">\n\t\t\t\t<div class=\"elementor-widget-container\">\n\t\t\t\t\t\t\t<ul class=\"elementor-icon-list-items\">\n\t\t\t\t\t\t\t<li class=\"elementor-icon-list-item\">\n\t\t\t\t\t\t\t\t\t\t\t<span class=\"elementor-icon-list-icon\">\n\t\t\t\t\t\t\t<i aria-hidden=\"true\" class=\"fas fa-phone-volume\"><\/i>\t\t\t\t\t\t<\/span>\n\t\t\t\t\t\t\t\t\t\t<span class=\"elementor-icon-list-text\">Zadzwo\u0144: 512 489 163<\/span>\n\t\t\t\t\t\t\t\t\t<\/li>\n\t\t\t\t\t\t\t\t<li class=\"elementor-icon-list-item\">\n\t\t\t\t\t\t\t\t\t\t\t<span class=\"elementor-icon-list-icon\">\n\t\t\t\t\t\t\t<i aria-hidden=\"true\" class=\"far fa-envelope\"><\/i>\t\t\t\t\t\t<\/span>\n\t\t\t\t\t\t\t\t\t\t<span class=\"elementor-icon-list-text\">E-mail: zapisy@hanzagoleniow.pl<\/span>\n\t\t\t\t\t\t\t\t\t<\/li>\n\t\t\t\t\t\t\t\t<li class=\"elementor-icon-list-item\">\n\t\t\t\t\t\t\t\t\t\t\t<span class=\"elementor-icon-list-icon\">\n\t\t\t\t\t\t\t<i aria-hidden=\"true\" class=\"fas fa-dot-circle\"><\/i>\t\t\t\t\t\t<\/span>\n\t\t\t\t\t\t\t\t\t\t<span class=\"elementor-icon-list-text\">Lub wype\u0142nij formularz poni\u017cej, a skontaktujemy si\u0119 z Tob\u0105!<\/span>\n\t\t\t\t\t\t\t\t\t<\/li>\n\t\t\t\t\t\t<\/ul>\n\t\t\t\t\t\t<\/div>\n\t\t\t\t<\/div>\n\t\t\t\t\t<\/div>\n\t\t<\/div>\n\t\t\t\t\t<\/div>\n\t\t<\/section>\n\t\t\t\t<section class=\"elementor-section elementor-top-section elementor-element elementor-element-21d2b16 elementor-section-boxed elementor-section-height-default elementor-section-height-default\" data-id=\"21d2b16\" data-element_type=\"section\" data-e-type=\"section\">\n\t\t\t\t\t\t<div class=\"elementor-container elementor-column-gap-default\">\n\t\t\t\t\t<div class=\"elementor-column elementor-col-100 elementor-top-column elementor-element elementor-element-cd689f6\" data-id=\"cd689f6\" data-element_type=\"column\" data-e-type=\"column\">\n\t\t\t<div class=\"elementor-widget-wrap elementor-element-populated\">\n\t\t\t\t\t\t<div class=\"elementor-element elementor-element-510dbd7 elementor-widget elementor-widget-wpforms\" data-id=\"510dbd7\" data-element_type=\"widget\" data-e-type=\"widget\" data-widget_type=\"wpforms.default\">\n\t\t\t\t<div class=\"elementor-widget-container\">\n\t\t\t\t\t<div class=\"wpforms-container \" id=\"wpforms-13\"><form id=\"wpforms-form-13\" class=\"wpforms-validate wpforms-form\" data-formid=\"13\" method=\"post\" enctype=\"multipart\/form-data\" action=\"\/index.php?rest_route=%2Fwp%2Fv2%2Fpages%2F625\" data-token=\"74aef20e2abba04546838b3d7dd21585\" data-token-time=\"1778901767\"><noscript class=\"wpforms-error-noscript\">Aby wype\u0142ni\u0107 ten formularz, w\u0142\u0105cz obs\u0142ug\u0119 JavaScript w przegl\u0105darce.<\/noscript><div class=\"wpforms-field-container\"><div id=\"wpforms-13-field_4-container\" class=\"wpforms-field wpforms-field-name\" data-field-id=\"4\"><label class=\"wpforms-field-label wpforms-label-hide\" for=\"wpforms-13-field_4\">Numer telefonu<\/label><input type=\"text\" id=\"wpforms-13-field_4\" class=\"wpforms-field-large\" name=\"wpforms[fields][4]\" placeholder=\"Numer telefonu\" ><div class=\"wpforms-field-description\">Numer telefonu<\/div><\/div><div id=\"wpforms-13-field_1-container\" class=\"wpforms-field wpforms-field-email\" data-field-id=\"1\"><label class=\"wpforms-field-label wpforms-label-hide\" for=\"wpforms-13-field_1\">Email<\/label><input type=\"email\" id=\"wpforms-13-field_1\" class=\"wpforms-field-large\" name=\"wpforms[fields][1]\" placeholder=\"Email\" spellcheck=\"false\" ><div class=\"wpforms-field-description\">Email<\/div><\/div><div id=\"wpforms-13-field_5-container\" class=\"wpforms-field wpforms-field-textarea\" data-field-id=\"5\"><label class=\"wpforms-field-label wpforms-label-hide\" for=\"wpforms-13-field_5\">Wpisz rok urodzenia dziecka  <span class=\"wpforms-required-label\">*<\/span><\/label><textarea id=\"wpforms-13-field_5\" class=\"wpforms-field-medium wpforms-field-required\" name=\"wpforms[fields][5]\" placeholder=\"Wpisz rok urodzenia dziecka \" required><\/textarea><div class=\"wpforms-field-description\">Wpisz rok urodzenia dziecka <\/div><\/div><\/div><!-- .wpforms-field-container --><div class=\"wpforms-field wpforms-field-hp\"><label for=\"wpforms-13-field-hp\" class=\"wpforms-field-label\">Website<\/label><input type=\"text\" name=\"wpforms[hp]\" id=\"wpforms-13-field-hp\" class=\"wpforms-field-medium\"><\/div><div class=\"wpforms-submit-container\" ><input type=\"hidden\" name=\"wpforms[id]\" value=\"13\"><input type=\"hidden\" name=\"page_title\" value=\"\"><input type=\"hidden\" name=\"page_url\" value=\"https:\/\/hanzagoleniow.pl\/index.php?rest_route=\/wp\/v2\/pages\/625\"><input type=\"hidden\" name=\"url_referer\" value=\"\"><button type=\"submit\" name=\"wpforms[submit]\" id=\"wpforms-submit-13\" class=\"wpforms-submit\" data-alt-text=\"Wysy\u0142am...\" data-submit-text=\"Wy\u015blij\" aria-live=\"assertive\" value=\"wpforms-submit\">Wy\u015blij<\/button><\/div><\/form><\/div>  <!-- .wpforms-container -->\t\t\t\t<\/div>\n\t\t\t\t<\/div>\n\t\t\t\t\t<\/div>\n\t\t<\/div>\n\t\t\t\t\t<\/div>\n\t\t<\/section>\n\t\t\t\t<section class=\"elementor-section elementor-top-section elementor-element elementor-element-b95c306 elementor-section-boxed elementor-section-height-default elementor-section-height-default\" data-id=\"b95c306\" data-element_type=\"section\" data-e-type=\"section\">\n\t\t\t\t\t\t<div class=\"elementor-container elementor-column-gap-default\">\n\t\t\t\t\t<div class=\"elementor-column elementor-col-100 elementor-top-column elementor-element elementor-element-35a7895\" data-id=\"35a7895\" data-element_type=\"column\" data-e-type=\"column\">\n\t\t\t<div class=\"elementor-widget-wrap elementor-element-populated\">\n\t\t\t\t\t\t<div class=\"elementor-element elementor-element-883cb00 elementor-widget elementor-widget-image\" data-id=\"883cb00\" data-element_type=\"widget\" data-e-type=\"widget\" data-widget_type=\"image.default\">\n\t\t\t\t<div class=\"elementor-widget-container\">\n\t\t\t\t\t\t\t\t\t\t\t\t\t\t\t<img fetchpriority=\"high\" decoding=\"async\" width=\"768\" height=\"768\" src=\"https:\/\/hanzagoleniow.pl\/wp-content\/uploads\/2025\/03\/strona-768x768.jpg\" class=\"attachment-medium_large size-medium_large wp-image-1073\" alt=\"\" srcset=\"https:\/\/hanzagoleniow.pl\/wp-content\/uploads\/2025\/03\/strona-768x768.jpg 768w, https:\/\/hanzagoleniow.pl\/wp-content\/uploads\/2025\/03\/strona-300x300.jpg 300w, https:\/\/hanzagoleniow.pl\/wp-content\/uploads\/2025\/03\/strona-1024x1024.jpg 1024w, https:\/\/hanzagoleniow.pl\/wp-content\/uploads\/2025\/03\/strona-150x150.jpg 150w, https:\/\/hanzagoleniow.pl\/wp-content\/uploads\/2025\/03\/strona.jpg 1080w\" sizes=\"(max-width: 768px) 100vw, 768px\" \/>\t\t\t\t\t\t\t\t\t\t\t\t\t\t\t<\/div>\n\t\t\t\t<\/div>\n\t\t\t\t\t<\/div>\n\t\t<\/div>\n\t\t\t\t\t<\/div>\n\t\t<\/section>\n\t\t\t\t<\/div>\n\t\t","protected":false},"excerpt":{"rendered":"<p>Do\u0142\u0105cz do nas! Dla wszystkich dzieci z Goleniowa i okolic! Organizujemy zaj\u0119cia z pi\u0142ki no\u017cnej dla dzieci urodzonych w latach od 2008 do 2020. Pi\u0142ka no\u017cna to \u015bwietny spos\u00f3b na sp\u0119dzanie wolnego czasu, dbanie o swoje zdrowie oraz nieoceniona pomoc w wychowaniu. Zapisz do nas swoje dziecko ju\u017c teraz! Jak si\u0119 zapisa\u0107? Informacja poni\u017cej! Zadzwo\u0144: &hellip;<\/p>\n<p class=\"read-more\"> <a class=\"\" href=\"https:\/\/hanzagoleniow.pl\/?page_id=625\"> <span class=\"screen-reader-text\">Do\u0142\u0105cz do nas<\/span> Read More &raquo;<\/a><\/p>\n","protected":false},"author":1,"featured_media":0,"parent":0,"menu_order":0,"comment_status":"closed","ping_status":"closed","template":"","meta":{"footnotes":""},"class_list":["post-625","page","type-page","status-publish","hentry"],"yoast_head":"<!-- This site is optimized with the Yoast SEO plugin v27.6 - https:\/\/yoast.com\/product\/yoast-seo-wordpress\/ -->\n<title>Do\u0142\u0105cz do nas - Hanza Goleni\u00f3w<\/title>\n<meta name=\"robots\" content=\"index, follow, max-snippet:-1, max-image-preview:large, max-video-preview:-1\" \/>\n<link rel=\"canonical\" href=\"https:\/\/hanzagoleniow.pl\/?page_id=625\" \/>\n<meta property=\"og:locale\" content=\"pl_PL\" \/>\n<meta property=\"og:type\" content=\"article\" \/>\n<meta property=\"og:title\" content=\"Do\u0142\u0105cz do nas - Hanza Goleni\u00f3w\" \/>\n<meta property=\"og:description\" content=\"Do\u0142\u0105cz do nas! Dla wszystkich dzieci z Goleniowa i okolic! Organizujemy zaj\u0119cia z pi\u0142ki no\u017cnej dla dzieci urodzonych w latach od 2008 do 2020. Pi\u0142ka no\u017cna to \u015bwietny spos\u00f3b na sp\u0119dzanie wolnego czasu, dbanie o swoje zdrowie oraz nieoceniona pomoc w wychowaniu. Zapisz do nas swoje dziecko ju\u017c teraz! Jak si\u0119 zapisa\u0107? Informacja poni\u017cej! Zadzwo\u0144: &hellip; Do\u0142\u0105cz do nas Read More &raquo;\" \/>\n<meta property=\"og:url\" content=\"https:\/\/hanzagoleniow.pl\/?page_id=625\" \/>\n<meta property=\"og:site_name\" content=\"Hanza Goleni\u00f3w\" \/>\n<meta property=\"article:publisher\" content=\"https:\/\/www.facebook.com\/aphanzagoleniow\/\" \/>\n<meta property=\"article:modified_time\" content=\"2025-03-27T07:13:52+00:00\" \/>\n<meta property=\"og:image\" content=\"https:\/\/hanzagoleniow.pl\/wp-content\/uploads\/2025\/03\/strona.jpg\" \/>\n\t<meta property=\"og:image:width\" content=\"1080\" \/>\n\t<meta property=\"og:image:height\" content=\"1080\" \/>\n\t<meta property=\"og:image:type\" content=\"image\/jpeg\" \/>\n<meta name=\"twitter:card\" content=\"summary_large_image\" \/>\n<meta name=\"twitter:label1\" content=\"Szacowany czas czytania\" \/>\n\t<meta name=\"twitter:data1\" content=\"1 minuta\" \/>\n<script type=\"application\/ld+json\" class=\"yoast-schema-graph\">{\"@context\":\"https:\\\/\\\/schema.org\",\"@graph\":[{\"@type\":\"WebPage\",\"@id\":\"https:\\\/\\\/hanzagoleniow.pl\\\/?page_id=625\",\"url\":\"https:\\\/\\\/hanzagoleniow.pl\\\/?page_id=625\",\"name\":\"Do\u0142\u0105cz do nas - Hanza Goleni\u00f3w\",\"isPartOf\":{\"@id\":\"https:\\\/\\\/hanzagoleniow.pl\\\/#website\"},\"primaryImageOfPage\":{\"@id\":\"https:\\\/\\\/hanzagoleniow.pl\\\/?page_id=625#primaryimage\"},\"image\":{\"@id\":\"https:\\\/\\\/hanzagoleniow.pl\\\/?page_id=625#primaryimage\"},\"thumbnailUrl\":\"https:\\\/\\\/hanzagoleniow.pl\\\/wp-content\\\/uploads\\\/2025\\\/03\\\/strona-768x768.jpg\",\"datePublished\":\"2021-07-15T07:21:12+00:00\",\"dateModified\":\"2025-03-27T07:13:52+00:00\",\"breadcrumb\":{\"@id\":\"https:\\\/\\\/hanzagoleniow.pl\\\/?page_id=625#breadcrumb\"},\"inLanguage\":\"pl-PL\",\"potentialAction\":[{\"@type\":\"ReadAction\",\"target\":[\"https:\\\/\\\/hanzagoleniow.pl\\\/?page_id=625\"]}]},{\"@type\":\"ImageObject\",\"inLanguage\":\"pl-PL\",\"@id\":\"https:\\\/\\\/hanzagoleniow.pl\\\/?page_id=625#primaryimage\",\"url\":\"https:\\\/\\\/hanzagoleniow.pl\\\/wp-content\\\/uploads\\\/2025\\\/03\\\/strona.jpg\",\"contentUrl\":\"https:\\\/\\\/hanzagoleniow.pl\\\/wp-content\\\/uploads\\\/2025\\\/03\\\/strona.jpg\",\"width\":1080,\"height\":1080},{\"@type\":\"BreadcrumbList\",\"@id\":\"https:\\\/\\\/hanzagoleniow.pl\\\/?page_id=625#breadcrumb\",\"itemListElement\":[{\"@type\":\"ListItem\",\"position\":1,\"name\":\"Home\",\"item\":\"https:\\\/\\\/hanzagoleniow.pl\\\/\"},{\"@type\":\"ListItem\",\"position\":2,\"name\":\"Do\u0142\u0105cz do nas\"}]},{\"@type\":\"WebSite\",\"@id\":\"https:\\\/\\\/hanzagoleniow.pl\\\/#website\",\"url\":\"https:\\\/\\\/hanzagoleniow.pl\\\/\",\"name\":\"Hanza Goleni\u00f3w\",\"description\":\"Strona internetowa Klubu Sportowego Hanza Goleni\u00f3w\",\"publisher\":{\"@id\":\"https:\\\/\\\/hanzagoleniow.pl\\\/#organization\"},\"potentialAction\":[{\"@type\":\"SearchAction\",\"target\":{\"@type\":\"EntryPoint\",\"urlTemplate\":\"https:\\\/\\\/hanzagoleniow.pl\\\/?s={search_term_string}\"},\"query-input\":{\"@type\":\"PropertyValueSpecification\",\"valueRequired\":true,\"valueName\":\"search_term_string\"}}],\"inLanguage\":\"pl-PL\"},{\"@type\":\"Organization\",\"@id\":\"https:\\\/\\\/hanzagoleniow.pl\\\/#organization\",\"name\":\"Akademia Pi\u0142karska Hanza Goleni\u00f3w\",\"url\":\"https:\\\/\\\/hanzagoleniow.pl\\\/\",\"logo\":{\"@type\":\"ImageObject\",\"inLanguage\":\"pl-PL\",\"@id\":\"https:\\\/\\\/hanzagoleniow.pl\\\/#\\\/schema\\\/logo\\\/image\\\/\",\"url\":\"https:\\\/\\\/hanzagoleniow.pl\\\/wp-content\\\/uploads\\\/2021\\\/06\\\/herb.jpg\",\"contentUrl\":\"https:\\\/\\\/hanzagoleniow.pl\\\/wp-content\\\/uploads\\\/2021\\\/06\\\/herb.jpg\",\"width\":960,\"height\":960,\"caption\":\"Akademia Pi\u0142karska Hanza Goleni\u00f3w\"},\"image\":{\"@id\":\"https:\\\/\\\/hanzagoleniow.pl\\\/#\\\/schema\\\/logo\\\/image\\\/\"},\"sameAs\":[\"https:\\\/\\\/www.facebook.com\\\/aphanzagoleniow\\\/\"]}]}<\/script>\n<!-- \/ Yoast SEO plugin. -->","yoast_head_json":{"title":"Do\u0142\u0105cz do nas - Hanza Goleni\u00f3w","robots":{"index":"index","follow":"follow","max-snippet":"max-snippet:-1","max-image-preview":"max-image-preview:large","max-video-preview":"max-video-preview:-1"},"canonical":"https:\/\/hanzagoleniow.pl\/?page_id=625","og_locale":"pl_PL","og_type":"article","og_title":"Do\u0142\u0105cz do nas - Hanza Goleni\u00f3w","og_description":"Do\u0142\u0105cz do nas! Dla wszystkich dzieci z Goleniowa i okolic! Organizujemy zaj\u0119cia z pi\u0142ki no\u017cnej dla dzieci urodzonych w latach od 2008 do 2020. Pi\u0142ka no\u017cna to \u015bwietny spos\u00f3b na sp\u0119dzanie wolnego czasu, dbanie o swoje zdrowie oraz nieoceniona pomoc w wychowaniu. Zapisz do nas swoje dziecko ju\u017c teraz! Jak si\u0119 zapisa\u0107? Informacja poni\u017cej! Zadzwo\u0144: &hellip; Do\u0142\u0105cz do nas Read More &raquo;","og_url":"https:\/\/hanzagoleniow.pl\/?page_id=625","og_site_name":"Hanza Goleni\u00f3w","article_publisher":"https:\/\/www.facebook.com\/aphanzagoleniow\/","article_modified_time":"2025-03-27T07:13:52+00:00","og_image":[{"width":1080,"height":1080,"url":"https:\/\/hanzagoleniow.pl\/wp-content\/uploads\/2025\/03\/strona.jpg","type":"image\/jpeg"}],"twitter_card":"summary_large_image","twitter_misc":{"Szacowany czas czytania":"1 minuta"},"schema":{"@context":"https:\/\/schema.org","@graph":[{"@type":"WebPage","@id":"https:\/\/hanzagoleniow.pl\/?page_id=625","url":"https:\/\/hanzagoleniow.pl\/?page_id=625","name":"Do\u0142\u0105cz do nas - Hanza Goleni\u00f3w","isPartOf":{"@id":"https:\/\/hanzagoleniow.pl\/#website"},"primaryImageOfPage":{"@id":"https:\/\/hanzagoleniow.pl\/?page_id=625#primaryimage"},"image":{"@id":"https:\/\/hanzagoleniow.pl\/?page_id=625#primaryimage"},"thumbnailUrl":"https:\/\/hanzagoleniow.pl\/wp-content\/uploads\/2025\/03\/strona-768x768.jpg","datePublished":"2021-07-15T07:21:12+00:00","dateModified":"2025-03-27T07:13:52+00:00","breadcrumb":{"@id":"https:\/\/hanzagoleniow.pl\/?page_id=625#breadcrumb"},"inLanguage":"pl-PL","potentialAction":[{"@type":"ReadAction","target":["https:\/\/hanzagoleniow.pl\/?page_id=625"]}]},{"@type":"ImageObject","inLanguage":"pl-PL","@id":"https:\/\/hanzagoleniow.pl\/?page_id=625#primaryimage","url":"https:\/\/hanzagoleniow.pl\/wp-content\/uploads\/2025\/03\/strona.jpg","contentUrl":"https:\/\/hanzagoleniow.pl\/wp-content\/uploads\/2025\/03\/strona.jpg","width":1080,"height":1080},{"@type":"BreadcrumbList","@id":"https:\/\/hanzagoleniow.pl\/?page_id=625#breadcrumb","itemListElement":[{"@type":"ListItem","position":1,"name":"Home","item":"https:\/\/hanzagoleniow.pl\/"},{"@type":"ListItem","position":2,"name":"Do\u0142\u0105cz do nas"}]},{"@type":"WebSite","@id":"https:\/\/hanzagoleniow.pl\/#website","url":"https:\/\/hanzagoleniow.pl\/","name":"Hanza Goleni\u00f3w","description":"Strona internetowa Klubu Sportowego Hanza Goleni\u00f3w","publisher":{"@id":"https:\/\/hanzagoleniow.pl\/#organization"},"potentialAction":[{"@type":"SearchAction","target":{"@type":"EntryPoint","urlTemplate":"https:\/\/hanzagoleniow.pl\/?s={search_term_string}"},"query-input":{"@type":"PropertyValueSpecification","valueRequired":true,"valueName":"search_term_string"}}],"inLanguage":"pl-PL"},{"@type":"Organization","@id":"https:\/\/hanzagoleniow.pl\/#organization","name":"Akademia Pi\u0142karska Hanza Goleni\u00f3w","url":"https:\/\/hanzagoleniow.pl\/","logo":{"@type":"ImageObject","inLanguage":"pl-PL","@id":"https:\/\/hanzagoleniow.pl\/#\/schema\/logo\/image\/","url":"https:\/\/hanzagoleniow.pl\/wp-content\/uploads\/2021\/06\/herb.jpg","contentUrl":"https:\/\/hanzagoleniow.pl\/wp-content\/uploads\/2021\/06\/herb.jpg","width":960,"height":960,"caption":"Akademia Pi\u0142karska Hanza Goleni\u00f3w"},"image":{"@id":"https:\/\/hanzagoleniow.pl\/#\/schema\/logo\/image\/"},"sameAs":["https:\/\/www.facebook.com\/aphanzagoleniow\/"]}]}},"_links":{"self":[{"href":"https:\/\/hanzagoleniow.pl\/index.php?rest_route=\/wp\/v2\/pages\/625","targetHints":{"allow":["GET"]}}],"collection":[{"href":"https:\/\/hanzagoleniow.pl\/index.php?rest_route=\/wp\/v2\/pages"}],"about":[{"href":"https:\/\/hanzagoleniow.pl\/index.php?rest_route=\/wp\/v2\/types\/page"}],"author":[{"embeddable":true,"href":"https:\/\/hanzagoleniow.pl\/index.php?rest_route=\/wp\/v2\/users\/1"}],"replies":[{"embeddable":true,"href":"https:\/\/hanzagoleniow.pl\/index.php?rest_route=%2Fwp%2Fv2%2Fcomments&post=625"}],"version-history":[{"count":39,"href":"https:\/\/hanzagoleniow.pl\/index.php?rest_route=\/wp\/v2\/pages\/625\/revisions"}],"predecessor-version":[{"id":1082,"href":"https:\/\/hanzagoleniow.pl\/index.php?rest_route=\/wp\/v2\/pages\/625\/revisions\/1082"}],"wp:attachment":[{"href":"https:\/\/hanzagoleniow.pl\/index.php?rest_route=%2Fwp%2Fv2%2Fmedia&parent=625"}],"curies":[{"name":"wp","href":"https:\/\/api.w.org\/{rel}","templated":true}]}}