{"id":31,"date":"2020-04-13T11:18:52","date_gmt":"2020-04-13T11:18:52","guid":{"rendered":"http:\/\/hanzagoleniow.pl\/?page_id=31"},"modified":"2021-06-02T14:42:50","modified_gmt":"2021-06-02T12:42:50","slug":"about","status":"publish","type":"page","link":"https:\/\/hanzagoleniow.pl\/?page_id=31","title":{"rendered":"O nas"},"content":{"rendered":"\t\t<div data-elementor-type=\"wp-page\" data-elementor-id=\"31\" class=\"elementor elementor-31\">\n\t\t\t\t\t\t<section class=\"elementor-section elementor-top-section elementor-element elementor-element-5131a13e elementor-section-boxed elementor-section-height-default elementor-section-height-default\" data-id=\"5131a13e\" data-element_type=\"section\" data-e-type=\"section\" data-settings=\"{&quot;background_background&quot;:&quot;classic&quot;}\">\n\t\t\t\t\t\t\t<div class=\"elementor-background-overlay\"><\/div>\n\t\t\t\t\t\t\t<div class=\"elementor-container elementor-column-gap-default\">\n\t\t\t\t\t<div class=\"elementor-column elementor-col-100 elementor-top-column elementor-element elementor-element-1053ca7a\" data-id=\"1053ca7a\" data-element_type=\"column\" data-e-type=\"column\">\n\t\t\t<div class=\"elementor-widget-wrap elementor-element-populated\">\n\t\t\t\t\t\t<div class=\"elementor-element elementor-element-3d99e122 elementor-widget elementor-widget-heading\" data-id=\"3d99e122\" data-element_type=\"widget\" data-e-type=\"widget\" data-widget_type=\"heading.default\">\n\t\t\t\t<div class=\"elementor-widget-container\">\n\t\t\t\t\t<h1 class=\"elementor-heading-title elementor-size-default\">O nas<\/h1>\t\t\t\t<\/div>\n\t\t\t\t<\/div>\n\t\t\t\t\t<\/div>\n\t\t<\/div>\n\t\t\t\t\t<\/div>\n\t\t<\/section>\n\t\t\t\t<section class=\"elementor-section elementor-top-section elementor-element elementor-element-fabfd3b elementor-section-boxed elementor-section-height-default elementor-section-height-default\" data-id=\"fabfd3b\" data-element_type=\"section\" data-e-type=\"section\">\n\t\t\t\t\t\t<div class=\"elementor-container elementor-column-gap-default\">\n\t\t\t\t\t<div class=\"elementor-column elementor-col-100 elementor-top-column elementor-element elementor-element-9795556\" data-id=\"9795556\" data-element_type=\"column\" data-e-type=\"column\">\n\t\t\t<div class=\"elementor-widget-wrap\">\n\t\t\t\t\t\t\t<\/div>\n\t\t<\/div>\n\t\t\t\t\t<\/div>\n\t\t<\/section>\n\t\t\t\t<section class=\"elementor-section elementor-top-section elementor-element elementor-element-0763965 elementor-section-boxed elementor-section-height-default elementor-section-height-default\" data-id=\"0763965\" data-element_type=\"section\" data-e-type=\"section\">\n\t\t\t\t\t\t<div class=\"elementor-container elementor-column-gap-default\">\n\t\t\t\t\t<div class=\"elementor-column elementor-col-50 elementor-top-column elementor-element elementor-element-933fe00\" data-id=\"933fe00\" data-element_type=\"column\" data-e-type=\"column\">\n\t\t\t<div class=\"elementor-widget-wrap elementor-element-populated\">\n\t\t\t\t\t\t<div class=\"elementor-element elementor-element-60369cb elementor-widget elementor-widget-text-editor\" data-id=\"60369cb\" data-element_type=\"widget\" data-e-type=\"widget\" data-widget_type=\"text-editor.default\">\n\t\t\t\t<div class=\"elementor-widget-container\">\n\t\t\t\t\t\t\t\t\t<p>Klub Sportowy Hanza Goleni\u00f3w powsta\u0142 18 marca 2012 roku. Pocz\u0105tkowo istnia\u0142 pod nazw\u0105 &#8222;Klub Pi\u0142karski Goleni\u00f3w&#8221;, w pierwszych miesi\u0105cach po utworzeniu przekszta\u0142ci\u0142a si\u0119 ona w &#8222;Klub Pi\u0142karski Hanza Goleni\u00f3w&#8221;, w ko\u0144cu rok po rozpocz\u0119ciu dzia\u0142alno\u015bci nazwa przybra\u0142a dzisiejsz\u0105 form\u0119 &#8211; &#8222;Klub Sportowy Hanza Goleni\u00f3w&#8221;.<\/p><p>Najpierw w Klubie funkcjonowa\u0142a jedynie 1 dru\u017cyna w 1 sekcji, by\u0142a to doros\u0142a dru\u017cyna pi\u0142ki no\u017cnej. Nied\u0142ugo potem dzia\u0142alno\u015b\u0107 rozpocz\u0119\u0142y 2 kolejne sekcje (lekkoatletyka i triathlon) oraz powsta\u0142y m\u0142odzie\u017cowe dru\u017cyny pi\u0142karskie.<\/p><p>Obecnie klub skupia sportowc\u00f3w uprawiaj\u0105cych 2 dyscypliny: pi\u0142k\u0119 no\u017cn\u0105 i lekkoatletyk\u0119. G\u0142\u00f3wny nacisk k\u0142adziemy na prowadzenie grup dzieci i m\u0142odzie\u017cy, z kt\u00f3rymi pracujemy wed\u0142ug autorskich program\u00f3w i metod szkolenia.<\/p>\t\t\t\t\t\t\t\t<\/div>\n\t\t\t\t<\/div>\n\t\t\t\t\t<\/div>\n\t\t<\/div>\n\t\t\t\t<div class=\"elementor-column elementor-col-50 elementor-top-column elementor-element elementor-element-a8b11e7\" data-id=\"a8b11e7\" data-element_type=\"column\" data-e-type=\"column\">\n\t\t\t<div class=\"elementor-widget-wrap elementor-element-populated\">\n\t\t\t\t\t\t<div class=\"elementor-element elementor-element-6396dd0 elementor-widget elementor-widget-image\" data-id=\"6396dd0\" data-element_type=\"widget\" data-e-type=\"widget\" data-widget_type=\"image.default\">\n\t\t\t\t<div class=\"elementor-widget-container\">\n\t\t\t\t\t\t\t\t\t\t\t\t\t\t\t<img fetchpriority=\"high\" decoding=\"async\" width=\"384\" height=\"384\" src=\"https:\/\/hanzagoleniow.pl\/wp-content\/uploads\/2021\/06\/stronaherb.jpg\" class=\"attachment-large size-large wp-image-530\" alt=\"\" srcset=\"https:\/\/hanzagoleniow.pl\/wp-content\/uploads\/2021\/06\/stronaherb.jpg 384w, https:\/\/hanzagoleniow.pl\/wp-content\/uploads\/2021\/06\/stronaherb-300x300.jpg 300w, https:\/\/hanzagoleniow.pl\/wp-content\/uploads\/2021\/06\/stronaherb-150x150.jpg 150w\" sizes=\"(max-width: 384px) 100vw, 384px\" \/>\t\t\t\t\t\t\t\t\t\t\t\t\t\t\t<\/div>\n\t\t\t\t<\/div>\n\t\t\t\t\t<\/div>\n\t\t<\/div>\n\t\t\t\t\t<\/div>\n\t\t<\/section>\n\t\t\t\t<\/div>\n\t\t","protected":false},"excerpt":{"rendered":"<p>O nas Klub Sportowy Hanza Goleni\u00f3w powsta\u0142 18 marca 2012 roku. Pocz\u0105tkowo istnia\u0142 pod nazw\u0105 &#8222;Klub Pi\u0142karski Goleni\u00f3w&#8221;, w pierwszych miesi\u0105cach po utworzeniu przekszta\u0142ci\u0142a si\u0119 ona w &#8222;Klub Pi\u0142karski Hanza Goleni\u00f3w&#8221;, w ko\u0144cu rok po rozpocz\u0119ciu dzia\u0142alno\u015bci nazwa przybra\u0142a dzisiejsz\u0105 form\u0119 &#8211; &#8222;Klub Sportowy Hanza Goleni\u00f3w&#8221;. Najpierw w Klubie funkcjonowa\u0142a jedynie 1 dru\u017cyna w 1 &hellip;<\/p>\n<p class=\"read-more\"> <a class=\"\" href=\"https:\/\/hanzagoleniow.pl\/?page_id=31\"> <span class=\"screen-reader-text\">O nas<\/span> Read More &raquo;<\/a><\/p>\n","protected":false},"author":1,"featured_media":0,"parent":0,"menu_order":0,"comment_status":"closed","ping_status":"closed","template":"","meta":{"footnotes":""},"class_list":["post-31","page","type-page","status-publish","hentry"],"yoast_head":"<!-- This site is optimized with the Yoast SEO plugin v27.6 - https:\/\/yoast.com\/product\/yoast-seo-wordpress\/ -->\n<title>O nas - Hanza Goleni\u00f3w<\/title>\n<meta name=\"robots\" content=\"index, follow, max-snippet:-1, max-image-preview:large, max-video-preview:-1\" \/>\n<link rel=\"canonical\" href=\"https:\/\/hanzagoleniow.pl\/?page_id=31\" \/>\n<meta property=\"og:locale\" content=\"pl_PL\" \/>\n<meta property=\"og:type\" content=\"article\" \/>\n<meta property=\"og:title\" content=\"O nas - Hanza Goleni\u00f3w\" \/>\n<meta property=\"og:description\" content=\"O nas Klub Sportowy Hanza Goleni\u00f3w powsta\u0142 18 marca 2012 roku. Pocz\u0105tkowo istnia\u0142 pod nazw\u0105 &#8222;Klub Pi\u0142karski Goleni\u00f3w&#8221;, w pierwszych miesi\u0105cach po utworzeniu przekszta\u0142ci\u0142a si\u0119 ona w &#8222;Klub Pi\u0142karski Hanza Goleni\u00f3w&#8221;, w ko\u0144cu rok po rozpocz\u0119ciu dzia\u0142alno\u015bci nazwa przybra\u0142a dzisiejsz\u0105 form\u0119 &#8211; &#8222;Klub Sportowy Hanza Goleni\u00f3w&#8221;. Najpierw w Klubie funkcjonowa\u0142a jedynie 1 dru\u017cyna w 1 &hellip; O nas Read More &raquo;\" \/>\n<meta property=\"og:url\" content=\"https:\/\/hanzagoleniow.pl\/?page_id=31\" \/>\n<meta property=\"og:site_name\" content=\"Hanza Goleni\u00f3w\" \/>\n<meta property=\"article:publisher\" content=\"https:\/\/www.facebook.com\/aphanzagoleniow\/\" \/>\n<meta property=\"article:modified_time\" content=\"2021-06-02T12:42:50+00:00\" \/>\n<meta property=\"og:image\" content=\"http:\/\/hanzagoleniow.pl\/wp-content\/uploads\/2021\/06\/stronaherb.jpg\" \/>\n<meta name=\"twitter:card\" content=\"summary_large_image\" \/>\n<meta name=\"twitter:label1\" content=\"Szacowany czas czytania\" \/>\n\t<meta name=\"twitter:data1\" content=\"1 minuta\" \/>\n<script type=\"application\/ld+json\" class=\"yoast-schema-graph\">{\"@context\":\"https:\\\/\\\/schema.org\",\"@graph\":[{\"@type\":\"WebPage\",\"@id\":\"https:\\\/\\\/hanzagoleniow.pl\\\/?page_id=31\",\"url\":\"https:\\\/\\\/hanzagoleniow.pl\\\/?page_id=31\",\"name\":\"O nas - Hanza Goleni\u00f3w\",\"isPartOf\":{\"@id\":\"https:\\\/\\\/hanzagoleniow.pl\\\/#website\"},\"primaryImageOfPage\":{\"@id\":\"https:\\\/\\\/hanzagoleniow.pl\\\/?page_id=31#primaryimage\"},\"image\":{\"@id\":\"https:\\\/\\\/hanzagoleniow.pl\\\/?page_id=31#primaryimage\"},\"thumbnailUrl\":\"http:\\\/\\\/hanzagoleniow.pl\\\/wp-content\\\/uploads\\\/2021\\\/06\\\/stronaherb.jpg\",\"datePublished\":\"2020-04-13T11:18:52+00:00\",\"dateModified\":\"2021-06-02T12:42:50+00:00\",\"breadcrumb\":{\"@id\":\"https:\\\/\\\/hanzagoleniow.pl\\\/?page_id=31#breadcrumb\"},\"inLanguage\":\"pl-PL\",\"potentialAction\":[{\"@type\":\"ReadAction\",\"target\":[\"https:\\\/\\\/hanzagoleniow.pl\\\/?page_id=31\"]}]},{\"@type\":\"ImageObject\",\"inLanguage\":\"pl-PL\",\"@id\":\"https:\\\/\\\/hanzagoleniow.pl\\\/?page_id=31#primaryimage\",\"url\":\"https:\\\/\\\/hanzagoleniow.pl\\\/wp-content\\\/uploads\\\/2021\\\/06\\\/stronaherb.jpg\",\"contentUrl\":\"https:\\\/\\\/hanzagoleniow.pl\\\/wp-content\\\/uploads\\\/2021\\\/06\\\/stronaherb.jpg\",\"width\":384,\"height\":384},{\"@type\":\"BreadcrumbList\",\"@id\":\"https:\\\/\\\/hanzagoleniow.pl\\\/?page_id=31#breadcrumb\",\"itemListElement\":[{\"@type\":\"ListItem\",\"position\":1,\"name\":\"Home\",\"item\":\"https:\\\/\\\/hanzagoleniow.pl\\\/\"},{\"@type\":\"ListItem\",\"position\":2,\"name\":\"O nas\"}]},{\"@type\":\"WebSite\",\"@id\":\"https:\\\/\\\/hanzagoleniow.pl\\\/#website\",\"url\":\"https:\\\/\\\/hanzagoleniow.pl\\\/\",\"name\":\"Hanza Goleni\u00f3w\",\"description\":\"Strona internetowa Klubu Sportowego Hanza Goleni\u00f3w\",\"publisher\":{\"@id\":\"https:\\\/\\\/hanzagoleniow.pl\\\/#organization\"},\"potentialAction\":[{\"@type\":\"SearchAction\",\"target\":{\"@type\":\"EntryPoint\",\"urlTemplate\":\"https:\\\/\\\/hanzagoleniow.pl\\\/?s={search_term_string}\"},\"query-input\":{\"@type\":\"PropertyValueSpecification\",\"valueRequired\":true,\"valueName\":\"search_term_string\"}}],\"inLanguage\":\"pl-PL\"},{\"@type\":\"Organization\",\"@id\":\"https:\\\/\\\/hanzagoleniow.pl\\\/#organization\",\"name\":\"Akademia Pi\u0142karska Hanza Goleni\u00f3w\",\"url\":\"https:\\\/\\\/hanzagoleniow.pl\\\/\",\"logo\":{\"@type\":\"ImageObject\",\"inLanguage\":\"pl-PL\",\"@id\":\"https:\\\/\\\/hanzagoleniow.pl\\\/#\\\/schema\\\/logo\\\/image\\\/\",\"url\":\"https:\\\/\\\/hanzagoleniow.pl\\\/wp-content\\\/uploads\\\/2021\\\/06\\\/herb.jpg\",\"contentUrl\":\"https:\\\/\\\/hanzagoleniow.pl\\\/wp-content\\\/uploads\\\/2021\\\/06\\\/herb.jpg\",\"width\":960,\"height\":960,\"caption\":\"Akademia Pi\u0142karska Hanza Goleni\u00f3w\"},\"image\":{\"@id\":\"https:\\\/\\\/hanzagoleniow.pl\\\/#\\\/schema\\\/logo\\\/image\\\/\"},\"sameAs\":[\"https:\\\/\\\/www.facebook.com\\\/aphanzagoleniow\\\/\"]}]}<\/script>\n<!-- \/ Yoast SEO plugin. -->","yoast_head_json":{"title":"O nas - Hanza Goleni\u00f3w","robots":{"index":"index","follow":"follow","max-snippet":"max-snippet:-1","max-image-preview":"max-image-preview:large","max-video-preview":"max-video-preview:-1"},"canonical":"https:\/\/hanzagoleniow.pl\/?page_id=31","og_locale":"pl_PL","og_type":"article","og_title":"O nas - Hanza Goleni\u00f3w","og_description":"O nas Klub Sportowy Hanza Goleni\u00f3w powsta\u0142 18 marca 2012 roku. Pocz\u0105tkowo istnia\u0142 pod nazw\u0105 &#8222;Klub Pi\u0142karski Goleni\u00f3w&#8221;, w pierwszych miesi\u0105cach po utworzeniu przekszta\u0142ci\u0142a si\u0119 ona w &#8222;Klub Pi\u0142karski Hanza Goleni\u00f3w&#8221;, w ko\u0144cu rok po rozpocz\u0119ciu dzia\u0142alno\u015bci nazwa przybra\u0142a dzisiejsz\u0105 form\u0119 &#8211; &#8222;Klub Sportowy Hanza Goleni\u00f3w&#8221;. Najpierw w Klubie funkcjonowa\u0142a jedynie 1 dru\u017cyna w 1 &hellip; O nas Read More &raquo;","og_url":"https:\/\/hanzagoleniow.pl\/?page_id=31","og_site_name":"Hanza Goleni\u00f3w","article_publisher":"https:\/\/www.facebook.com\/aphanzagoleniow\/","article_modified_time":"2021-06-02T12:42:50+00:00","og_image":[{"url":"http:\/\/hanzagoleniow.pl\/wp-content\/uploads\/2021\/06\/stronaherb.jpg","type":"","width":"","height":""}],"twitter_card":"summary_large_image","twitter_misc":{"Szacowany czas czytania":"1 minuta"},"schema":{"@context":"https:\/\/schema.org","@graph":[{"@type":"WebPage","@id":"https:\/\/hanzagoleniow.pl\/?page_id=31","url":"https:\/\/hanzagoleniow.pl\/?page_id=31","name":"O nas - Hanza Goleni\u00f3w","isPartOf":{"@id":"https:\/\/hanzagoleniow.pl\/#website"},"primaryImageOfPage":{"@id":"https:\/\/hanzagoleniow.pl\/?page_id=31#primaryimage"},"image":{"@id":"https:\/\/hanzagoleniow.pl\/?page_id=31#primaryimage"},"thumbnailUrl":"http:\/\/hanzagoleniow.pl\/wp-content\/uploads\/2021\/06\/stronaherb.jpg","datePublished":"2020-04-13T11:18:52+00:00","dateModified":"2021-06-02T12:42:50+00:00","breadcrumb":{"@id":"https:\/\/hanzagoleniow.pl\/?page_id=31#breadcrumb"},"inLanguage":"pl-PL","potentialAction":[{"@type":"ReadAction","target":["https:\/\/hanzagoleniow.pl\/?page_id=31"]}]},{"@type":"ImageObject","inLanguage":"pl-PL","@id":"https:\/\/hanzagoleniow.pl\/?page_id=31#primaryimage","url":"https:\/\/hanzagoleniow.pl\/wp-content\/uploads\/2021\/06\/stronaherb.jpg","contentUrl":"https:\/\/hanzagoleniow.pl\/wp-content\/uploads\/2021\/06\/stronaherb.jpg","width":384,"height":384},{"@type":"BreadcrumbList","@id":"https:\/\/hanzagoleniow.pl\/?page_id=31#breadcrumb","itemListElement":[{"@type":"ListItem","position":1,"name":"Home","item":"https:\/\/hanzagoleniow.pl\/"},{"@type":"ListItem","position":2,"name":"O nas"}]},{"@type":"WebSite","@id":"https:\/\/hanzagoleniow.pl\/#website","url":"https:\/\/hanzagoleniow.pl\/","name":"Hanza Goleni\u00f3w","description":"Strona internetowa Klubu Sportowego Hanza Goleni\u00f3w","publisher":{"@id":"https:\/\/hanzagoleniow.pl\/#organization"},"potentialAction":[{"@type":"SearchAction","target":{"@type":"EntryPoint","urlTemplate":"https:\/\/hanzagoleniow.pl\/?s={search_term_string}"},"query-input":{"@type":"PropertyValueSpecification","valueRequired":true,"valueName":"search_term_string"}}],"inLanguage":"pl-PL"},{"@type":"Organization","@id":"https:\/\/hanzagoleniow.pl\/#organization","name":"Akademia Pi\u0142karska Hanza Goleni\u00f3w","url":"https:\/\/hanzagoleniow.pl\/","logo":{"@type":"ImageObject","inLanguage":"pl-PL","@id":"https:\/\/hanzagoleniow.pl\/#\/schema\/logo\/image\/","url":"https:\/\/hanzagoleniow.pl\/wp-content\/uploads\/2021\/06\/herb.jpg","contentUrl":"https:\/\/hanzagoleniow.pl\/wp-content\/uploads\/2021\/06\/herb.jpg","width":960,"height":960,"caption":"Akademia Pi\u0142karska Hanza Goleni\u00f3w"},"image":{"@id":"https:\/\/hanzagoleniow.pl\/#\/schema\/logo\/image\/"},"sameAs":["https:\/\/www.facebook.com\/aphanzagoleniow\/"]}]}},"_links":{"self":[{"href":"https:\/\/hanzagoleniow.pl\/index.php?rest_route=\/wp\/v2\/pages\/31","targetHints":{"allow":["GET"]}}],"collection":[{"href":"https:\/\/hanzagoleniow.pl\/index.php?rest_route=\/wp\/v2\/pages"}],"about":[{"href":"https:\/\/hanzagoleniow.pl\/index.php?rest_route=\/wp\/v2\/types\/page"}],"author":[{"embeddable":true,"href":"https:\/\/hanzagoleniow.pl\/index.php?rest_route=\/wp\/v2\/users\/1"}],"replies":[{"embeddable":true,"href":"https:\/\/hanzagoleniow.pl\/index.php?rest_route=%2Fwp%2Fv2%2Fcomments&post=31"}],"version-history":[{"count":36,"href":"https:\/\/hanzagoleniow.pl\/index.php?rest_route=\/wp\/v2\/pages\/31\/revisions"}],"predecessor-version":[{"id":536,"href":"https:\/\/hanzagoleniow.pl\/index.php?rest_route=\/wp\/v2\/pages\/31\/revisions\/536"}],"wp:attachment":[{"href":"https:\/\/hanzagoleniow.pl\/index.php?rest_route=%2Fwp%2Fv2%2Fmedia&parent=31"}],"curies":[{"name":"wp","href":"https:\/\/api.w.org\/{rel}","templated":true}]}}